{"id":32,"date":"2014-11-25T09:37:41","date_gmt":"2014-11-25T09:37:41","guid":{"rendered":"http:\/\/www.cssigniter.com\/preview\/olympusinn\/?page_id=32"},"modified":"2018-07-12T12:25:11","modified_gmt":"2018-07-12T10:25:11","slug":"chambres","status":"publish","type":"page","link":"https:\/\/hotelmastino.it\/fr\/chambres\/","title":{"rendered":"Chambres"},"content":{"rendered":"<h2 style=\"text-align: center;\">Chambres<\/h2>\n<p style=\"text-align: center;\">Toutes diff\u00e9rentes les unes des autres, avec vue sur le Corso Porta Nuova ou sur les toits de V\u00e9rone, les chambres r\u00e9put\u00e9es de l\u2019H\u00f4tel Mastino sont appr\u00e9ci\u00e9es par ceux qui veulent s\u00e9journer dans un cadre raffin\u00e9, soign\u00e9 dans les moindres d\u00e9tails et proposant un confort de haut niveau.<br \/>\nParfaites pour tous les types de voyageurs, \u00e0 titre professionnel ou personnel, les chambres sont disponibles en plusieurs cat\u00e9gories dont la quadruple, id\u00e9ale pour ceux qui voyagent en famille, de m\u00eame que les appartements que l\u2019h\u00f4tel poss\u00e8de, \u00e0 c\u00f4t\u00e9 de l\u2019\u00e9glise de San Lorenzo.<\/p>\n","protected":false},"excerpt":{"rendered":"<p>Chambres Toutes diff\u00e9rentes les unes des autres, avec vue sur le Corso Porta Nuova ou sur les toits de V\u00e9rone, les chambres r\u00e9put\u00e9es de l\u2019H\u00f4tel Mastino sont appr\u00e9ci\u00e9es par ceux qui veulent s\u00e9journer dans un cadre raffin\u00e9, soign\u00e9 dans les moindres d\u00e9tails et proposant un confort de haut niveau. Parfaites[&#8230;]<\/p>\n","protected":false},"author":1,"featured_media":565,"parent":0,"menu_order":0,"comment_status":"open","ping_status":"open","template":"template-rooms.php","meta":{"footnotes":""},"_links":{"self":[{"href":"https:\/\/hotelmastino.it\/fr\/wp-json\/wp\/v2\/pages\/32"}],"collection":[{"href":"https:\/\/hotelmastino.it\/fr\/wp-json\/wp\/v2\/pages"}],"about":[{"href":"https:\/\/hotelmastino.it\/fr\/wp-json\/wp\/v2\/types\/page"}],"author":[{"embeddable":true,"href":"https:\/\/hotelmastino.it\/fr\/wp-json\/wp\/v2\/users\/1"}],"replies":[{"embeddable":true,"href":"https:\/\/hotelmastino.it\/fr\/wp-json\/wp\/v2\/comments?post=32"}],"version-history":[{"count":0,"href":"https:\/\/hotelmastino.it\/fr\/wp-json\/wp\/v2\/pages\/32\/revisions"}],"wp:featuredmedia":[{"embeddable":true,"href":"https:\/\/hotelmastino.it\/fr\/wp-json\/wp\/v2\/media\/565"}],"wp:attachment":[{"href":"https:\/\/hotelmastino.it\/fr\/wp-json\/wp\/v2\/media?parent=32"}],"curies":[{"name":"wp","href":"https:\/\/api.w.org\/{rel}","templated":true}]}}