{"id":18,"date":"2014-11-25T09:35:16","date_gmt":"2014-11-25T09:35:16","guid":{"rendered":"http:\/\/www.cssigniter.com\/preview\/olympusinn\/?page_id=18"},"modified":"2018-01-22T23:25:57","modified_gmt":"2018-01-22T22:25:57","slug":"emplacement","status":"publish","type":"page","link":"https:\/\/hotelmastino.it\/fr\/emplacement\/","title":{"rendered":"Emplacement"},"content":{"rendered":"<h1>Emplacement<\/h1>\n<p>H\u00f4tel \u00e0 proximit\u00e9 des Ar\u00e8nes de V\u00e9rone, l\u2019H\u00f4tel Mastino se trouve au Corso Porta Nuova 16, \u00e0 proximit\u00e9 de la splendide Piazza Bra Verona, \u00a0dans le centre historique de la ville, dans un quartier facilement accessible en voiture.<\/p>\n<h2>Un petit d\u00e9tail &#8230;<\/h2>\n<p>Se trouvant \u00e0 deux pas de l\u2019h\u00f4tel, V\u00e9rone s\u2019\u00e9tale \u00e0 vos pieds avec ses <strong>palais historiques <\/strong>et ses <strong>monuments<\/strong>, en vous offrant la possibilit\u00e9 de visiter facilement l\u2019une des plus belles villes d\u2019Europe et ses splendides Ar\u00e8nes, le c\u00e9l\u00e8bre amphith\u00e9\u00e2tre romain.<\/p>\n<p>Ne manquez pas de visiter la <strong>Piazza delle Erbe, <\/strong>la <strong>Corte di Giulietta<\/strong>, le c\u00e9l\u00e8bre balcon o\u00f9 elle se tenait, le Th\u00e9\u00e2tre Romain et les environs de V\u00e9rone o\u00f9, au d\u00e9tour des collines, naissent les produits typiques de la r\u00e9gion, surtout les <strong>vins<\/strong> qui sont vraiment excellents.<\/p>\n<p>V\u00e9rone abrite les si\u00e8ges de nombreuses entreprises ainsi que l\u2019espace d\u2019exposition de la <strong>Fiera<\/strong> qui accueille chaque ann\u00e9e des \u00e9v\u00e9nements de niveau international et qui attirent des professionnels du secteur de l\u2019industrie et de l\u2019artisanat.<\/p>\n<h2>Comment nous rejoindre ?<\/h2>\n<h3>En voiture<\/h3>\n<p>L\u2019h\u00f4tel est situ\u00e9 dans un domaine exclu de la ZTL ; il est donc facilement accessible \u00e0 ceux qui voyagent en voiture. Sortir au p\u00e9age de V\u00e9rone Sud et suivre les panneaux indiquant le centre-ville. Une fois sur la Piazza Bra qui abrite \u00e9galement les Ar\u00e8nes, vous ne serez qu\u2019\u00e0 quelques pas du Corso Porta Nuova o\u00f9 vous trouverez l\u2019h\u00f4tel. Le parking \u2013 disponible sur r\u00e9servation \u2013 se trouve \u00e0 150 m\u00e8tres \u00e0 peine de l\u2019h\u00f4tel.<\/p>\n<h3>En train<\/h3>\n<p>La gare ferroviaire de Porta Nuova se trouve \u00e0 un plus de dix minutes \u00e0 pied et \u00e0 deux minutes en taxi de l\u2019h\u00f4tel. Sinon, possibilit\u00e9 de prendre le bus au d\u00e9part du quai A direct pour le centre-ville et de descendre apr\u00e8s deux arr\u00eats, \u00e0 proximit\u00e9 de l\u2019h\u00f4tel.<\/p>\n<h3>En avion<\/h3>\n<p>L\u2019a\u00e9roport Valerio Catullo de Villafranca est \u00e0 environ 13 km du centre. En plus du transfert que l\u2019on peut r\u00e9server au moment de la r\u00e9servation de la chambre et du service de taxi, nous vous recommandons l\u2019utilisation des Aerobus (d\u00e9parts toutes les 20 minutes) pour la gare de Porta Nuova. Reprendre ensuite les indications du paragraphe En train.<\/p>\n<h3><\/h3>\n","protected":false},"excerpt":{"rendered":"<p>Emplacement H\u00f4tel \u00e0 proximit\u00e9 des Ar\u00e8nes de V\u00e9rone, l\u2019H\u00f4tel Mastino se trouve au Corso Porta Nuova 16, \u00e0 proximit\u00e9 de la splendide Piazza Bra Verona, \u00a0dans le centre historique de la ville, dans un quartier facilement accessible en voiture. Un petit d\u00e9tail &#8230; Se trouvant \u00e0 deux pas de l\u2019h\u00f4tel,[&#8230;]<\/p>\n","protected":false},"author":1,"featured_media":369,"parent":0,"menu_order":0,"comment_status":"open","ping_status":"open","template":"template-contact.php","meta":{"footnotes":""},"_links":{"self":[{"href":"https:\/\/hotelmastino.it\/fr\/wp-json\/wp\/v2\/pages\/18"}],"collection":[{"href":"https:\/\/hotelmastino.it\/fr\/wp-json\/wp\/v2\/pages"}],"about":[{"href":"https:\/\/hotelmastino.it\/fr\/wp-json\/wp\/v2\/types\/page"}],"author":[{"embeddable":true,"href":"https:\/\/hotelmastino.it\/fr\/wp-json\/wp\/v2\/users\/1"}],"replies":[{"embeddable":true,"href":"https:\/\/hotelmastino.it\/fr\/wp-json\/wp\/v2\/comments?post=18"}],"version-history":[{"count":0,"href":"https:\/\/hotelmastino.it\/fr\/wp-json\/wp\/v2\/pages\/18\/revisions"}],"wp:featuredmedia":[{"embeddable":true,"href":"https:\/\/hotelmastino.it\/fr\/wp-json\/wp\/v2\/media\/369"}],"wp:attachment":[{"href":"https:\/\/hotelmastino.it\/fr\/wp-json\/wp\/v2\/media?parent=18"}],"curies":[{"name":"wp","href":"https:\/\/api.w.org\/{rel}","templated":true}]}}