{"id":18,"date":"2014-11-25T09:35:16","date_gmt":"2014-11-25T09:35:16","guid":{"rendered":"http:\/\/www.cssigniter.com\/preview\/olympusinn\/?page_id=18"},"modified":"2018-01-22T23:27:01","modified_gmt":"2018-01-22T22:27:01","slug":"ubicacion","status":"publish","type":"page","link":"https:\/\/hotelmastino.it\/es\/ubicacion\/","title":{"rendered":"Ubicaci\u00f3n"},"content":{"rendered":"<p style=\"text-align: center;\"><a class=\"btn white\" href=\"https:\/\/www.google.it\/maps\/place\/Hotel+Mastino\/@45.4371802,10.9885611,17z\/data=!3m1!4b1!4m2!3m1!1s0x477f5f445ccaa327:0x62d13dfd6f529d3b\">Solicita indicaciones<\/a><\/p>\n<h2 style=\"text-align: justify;\">Ubicaci\u00f3n<\/h2>\n<p>El Hotel Mastino disfruta de una ubicaci\u00f3n privilegiada para visitar el centro hist\u00f3rico de la ciudad. Situado en Corso Porta Nuova 16, en las proximidades de la espl\u00e9ndida Piazza Br\u00e0, donde se encuentra la famosa Arena de Verona. A pesar de su cercan\u00eda con el centro hist\u00f3rico, es accesible c\u00f3modamente tanto en coche como con los diferentes transportes p\u00fablicos..<\/p>\n<h4>Algunos peque\u00f1os detalles&#8230;<\/h4>\n<p>A unos metros del hotel, Verona se descubre con sus hist\u00f3ricos palacios y sus monumentos, ofreci\u00e9ndoos la oportunidad de visitar c\u00f3modamente a pie una de las ciudades m\u00e1s bonitas de Europa, a\u00fan m\u00e1s embellecida gracias a la Arena, el celeb\u00e9rrimo anfiteatro romano.<br \/>\nNo podemos dejar de mencionar la Piazza delle Erbe, la Corte de Julieta, con el famoso balc\u00f3n desde el que se asomaba, el Teatro Romano y los alrededores de Verona, donde, entre las colinas, nacen los productos t\u00edpicos de la regi\u00f3n, especialmente los vinos.<br \/>\nEn Verona se encuentran tambi\u00e9n las sedes de numerosas empresas y organizaciones, adem\u00e1s del espacio expositivo de la Fiera, que cada a\u00f1o recibe eventos a nivel internacional.<\/p>\n<h3>C\u00f3mo llegar&#8230;<\/h3>\n<h4>En coche<\/h4>\n<p>El Hotel se encuentra en una zona externa a la ZTL (Zona de Tr\u00e1fico Limitado), por lo que es accesible con facilidad si viaj\u00e1is en coche. Simplemente deb\u00e9is tomar la salida de Verona Sud y seguir las indicaciones hacia el centro de la ciudad. En el \u00faltimo sem\u00e1foro antes de los arcos de Piazza Br\u00e0, donde se encuentra la Arena, a vuestra izquierda os espera el Hotel Mastino, en Corso Porta Nuova 16. El aparcamiento, disponible bajo reserva previa, se encuentra a solo 150 metros del hotel.<\/p>\n<h4>En tren<\/h4>\n<p>La estaci\u00f3n de tren de Porta Nuova dista del hotel unos diez minutos a pie, mientras en taxi son unos 2 minutos. Otra opci\u00f3n es coger el autob\u00fas desde la acera A, que se dirige al centro de la ciudad, y bajar tras 2 paradas, muy cerca del hotel.<\/p>\n<h4>En avi\u00f3n<\/h4>\n<p>El aeropuerto Valerio Catullo de Villafranca se encuentra a 13 km de distancia del centro. Adem\u00e1s del servicio de lanzadera que pod\u00e9is reservar a trav\u00e9s de nuestro hotel en el momento de vuestra reserva, y de los taxis, se aconseja tambi\u00e9n el uso del Aerobus con salida cada 20 minutos) con destino Estaci\u00f3n de Porta Nuova. Desde aqu\u00ed, para llegar al hotel s\u00f3lo deb\u00e9is seguir las indicaciones especificadas en el apartado \u201cEn tren\u201d.<\/p>\n","protected":false},"excerpt":{"rendered":"<p>Solicita indicaciones Ubicaci\u00f3n El Hotel Mastino disfruta de una ubicaci\u00f3n privilegiada para visitar el centro hist\u00f3rico de la ciudad. Situado en Corso Porta Nuova 16, en las proximidades de la espl\u00e9ndida Piazza Br\u00e0, donde se encuentra la famosa Arena de Verona. A pesar de su cercan\u00eda con el centro hist\u00f3rico,[&#8230;]<\/p>\n","protected":false},"author":1,"featured_media":562,"parent":0,"menu_order":0,"comment_status":"open","ping_status":"open","template":"template-contact.php","meta":{"footnotes":""},"_links":{"self":[{"href":"https:\/\/hotelmastino.it\/es\/wp-json\/wp\/v2\/pages\/18"}],"collection":[{"href":"https:\/\/hotelmastino.it\/es\/wp-json\/wp\/v2\/pages"}],"about":[{"href":"https:\/\/hotelmastino.it\/es\/wp-json\/wp\/v2\/types\/page"}],"author":[{"embeddable":true,"href":"https:\/\/hotelmastino.it\/es\/wp-json\/wp\/v2\/users\/1"}],"replies":[{"embeddable":true,"href":"https:\/\/hotelmastino.it\/es\/wp-json\/wp\/v2\/comments?post=18"}],"version-history":[{"count":0,"href":"https:\/\/hotelmastino.it\/es\/wp-json\/wp\/v2\/pages\/18\/revisions"}],"wp:featuredmedia":[{"embeddable":true,"href":"https:\/\/hotelmastino.it\/es\/wp-json\/wp\/v2\/media\/562"}],"wp:attachment":[{"href":"https:\/\/hotelmastino.it\/es\/wp-json\/wp\/v2\/media?parent=18"}],"curies":[{"name":"wp","href":"https:\/\/api.w.org\/{rel}","templated":true}]}}