{"id":32,"date":"2014-11-25T09:37:41","date_gmt":"2014-11-25T09:37:41","guid":{"rendered":"http:\/\/www.cssigniter.com\/preview\/olympusinn\/?page_id=32"},"modified":"2018-07-12T12:23:54","modified_gmt":"2018-07-12T10:23:54","slug":"zimmer","status":"publish","type":"page","link":"https:\/\/hotelmastino.it\/de\/zimmer\/","title":{"rendered":"Zimmer"},"content":{"rendered":"<h2 style=\"text-align: center;\">Unsere Zimmer<\/h2>\n<p style=\"text-align: center;\">Die verschieden gestalteten und renovierten Zimmer des Hotels Mastino, mit Blick auf den Corso Porta Nuova oder die D\u00e4cher von Verona, sind vor allem bei den G\u00e4sten beliebt, die ihren Aufenthalt in einem raffinierten Ambiente verbringen m\u00f6chten, in dem man die Liebe zum Detail sp\u00fcren kann und erstklassigen Komfort genie\u00dfen kann. Die Zimmer stehen in unterschiedlichen Kategorien zur Verf\u00fcgung und sind perfekt f\u00fcr jeden Gast, egal ob es sich dabei um Urlaubsg\u00e4ste oder Gesch\u00e4ftsreisende handelt. So etwa das Vierbettzimmer, das zusammen mit den Ferienwohnungen, die ganz in der N\u00e4he des Hotels direkt neben der Kirche San Lorenzo liegen, die ideale Wahl f\u00fcr Familien ist.<\/p>\n","protected":false},"excerpt":{"rendered":"<p>Unsere Zimmer Die verschieden gestalteten und renovierten Zimmer des Hotels Mastino, mit Blick auf den Corso Porta Nuova oder die D\u00e4cher von Verona, sind vor allem bei den G\u00e4sten beliebt, die ihren Aufenthalt in einem raffinierten Ambiente verbringen m\u00f6chten, in dem man die Liebe zum Detail sp\u00fcren kann und erstklassigen[&#8230;]<\/p>\n","protected":false},"author":1,"featured_media":569,"parent":0,"menu_order":0,"comment_status":"open","ping_status":"open","template":"template-rooms.php","meta":{"footnotes":""},"_links":{"self":[{"href":"https:\/\/hotelmastino.it\/de\/wp-json\/wp\/v2\/pages\/32"}],"collection":[{"href":"https:\/\/hotelmastino.it\/de\/wp-json\/wp\/v2\/pages"}],"about":[{"href":"https:\/\/hotelmastino.it\/de\/wp-json\/wp\/v2\/types\/page"}],"author":[{"embeddable":true,"href":"https:\/\/hotelmastino.it\/de\/wp-json\/wp\/v2\/users\/1"}],"replies":[{"embeddable":true,"href":"https:\/\/hotelmastino.it\/de\/wp-json\/wp\/v2\/comments?post=32"}],"version-history":[{"count":0,"href":"https:\/\/hotelmastino.it\/de\/wp-json\/wp\/v2\/pages\/32\/revisions"}],"wp:featuredmedia":[{"embeddable":true,"href":"https:\/\/hotelmastino.it\/de\/wp-json\/wp\/v2\/media\/569"}],"wp:attachment":[{"href":"https:\/\/hotelmastino.it\/de\/wp-json\/wp\/v2\/media?parent=32"}],"curies":[{"name":"wp","href":"https:\/\/api.w.org\/{rel}","templated":true}]}}