{"id":18,"date":"2014-11-25T09:35:16","date_gmt":"2014-11-25T09:35:16","guid":{"rendered":"http:\/\/www.cssigniter.com\/preview\/olympusinn\/?page_id=18"},"modified":"2018-01-22T23:26:25","modified_gmt":"2018-01-22T22:26:25","slug":"lage","status":"publish","type":"page","link":"https:\/\/hotelmastino.it\/de\/lage\/","title":{"rendered":"Lage"},"content":{"rendered":"<h2 style=\"text-align: justify;\">Lage Hotel Verona<\/h2>\n<p style=\"text-align: justify;\">Unter den Hotels in der N\u00e4he der Arena von Verona genie\u00dft das Hotel Mastino eine vorz\u00fcgliche Lage am Corso Porta Nuova, nicht weit von der herrlichen Piazza Bra von Verona entfernt und direkt im historischen Kern der Stadt. Das Hotel ist bequem mit dem Auto zu erreichen.<\/p>\n<h2 id=\"tw-target-text\" class=\"tw-data-text vk_txt tw-ta tw-text-medium\" dir=\"ltr\" data-placeholder=\"Traduzione\"><span lang=\"de\">Nur wenige Details<\/span>&#8230;<\/h2>\n<p>Nur einen Katzensprung vom Hotel entfernt, offenbart sich die Stadt Verona mit ihren <strong>historischen Palazzi <\/strong>und den <strong>Monumenten<\/strong> und gibt Ihnen die Gelegenheit, bequem zu Fu\u00df eine der sch\u00f6nsten St\u00e4dte Europas und die Arena, das ber\u00fchmte r\u00f6mische Amphitheater, zu besichtigen.<\/p>\n<p>Lassen Sie sich eine Besichtigung der <strong>Piazza delle Erbe, <\/strong>des ber\u00fchmten Balkons im <strong>Hof der Julia<\/strong>, von dem diese sich hinabbeugte oder des r\u00f6mischen Theaters auf keinen Fall entgehen. Ebenso lohnt sich ein Besuch drau\u00dfen vor der Stadt und in den H\u00fcgeln, wo die typischen Produkte der Region und vor allem hervorragende <strong>Weine<\/strong> erzeugt werden.<\/p>\n<p>In Verona gibt es au\u00dferdem zahlreiche Unternehmen und Firmen sowie das <strong>Messegel\u00e4nde<\/strong>, wo jedes Jahr internationale Ausstellungen organisiert werden, die regelm\u00e4\u00dfig unz\u00e4hlige Gesch\u00e4ftsleute der Industrie- und Handwerksbranche in diese Stadt locken.<\/p>\n<h2>Wie Sie uns erreichen&#8230;<\/h2>\n<h4>Mit dem Auto<\/h4>\n<p>Das Hotel liegt au\u00dferhalb der verkehrsberuhigten Zone (ZTL) und ist somit auch bequem f\u00fcr G\u00e4ste zu erreichen, die mit dem Auto anreisen. Fahren Sie auf der Autobahn an der Ausfahrt Verona S\u00fcd ab und folgen Sie den Schildern in Richtung Zentrum. An der Piazza Br\u00e0 angelangt, wo sich auch die Arena befindet, trennen Sie nur noch wenige Schritte vom Corso di Porta Nuova, wo das Hotel Sie erwartet. Der Parkplatz \u2013 der mittels Reservierung verf\u00fcgbar ist \u2013 liegt knapp 150 Meter vom Hotel entfernt.<\/p>\n<h4>Mit dem Zug<\/h4>\n<p>Der Bahnhof Porta Nuova liegt ebenfalls nur zehn Minuten zu Fu\u00df oder zwei Minuten mit dem Taxi vom Hotel entfernt. Ansonsten k\u00f6nnen Sie auch in den Bus steigen, der vom Gehweg A in Richtung Zentrum f\u00e4hrt und nach zwei Haltestellen in der N\u00e4he des Hotels wieder aussteigen.<\/p>\n<h4><span style=\"line-height: 1.5;\">Mit dem Flugzeug<\/span><\/h4>\n<p>Der Flughafen \u201cValerio Catullo\u201d von Villafranca befindet sich etwa 13 km vom Stadtzentrum entfernt. Au\u00dfer dem Taxi- oder Transferservice, den Sie bereits w\u00e4hrend Ihrer Zimmerreservierung bestellen k\u00f6nnen, ist es empfehlenswert, den Aerobus (Abfahrt alle 20 Minuten) zum Bahnhof Porta Nuova zu reservieren. Ab dort folgen Sie dann den Anweisungen wie an Punkt \u2018Mit dem Zug\u2019.<\/p>\n","protected":false},"excerpt":{"rendered":"<p>Lage Hotel Verona Unter den Hotels in der N\u00e4he der Arena von Verona genie\u00dft das Hotel Mastino eine vorz\u00fcgliche Lage am Corso Porta Nuova, nicht weit von der herrlichen Piazza Bra von Verona entfernt und direkt im historischen Kern der Stadt. Das Hotel ist bequem mit dem Auto zu erreichen.[&#8230;]<\/p>\n","protected":false},"author":1,"featured_media":369,"parent":0,"menu_order":0,"comment_status":"open","ping_status":"open","template":"template-contact.php","meta":{"footnotes":""},"_links":{"self":[{"href":"https:\/\/hotelmastino.it\/de\/wp-json\/wp\/v2\/pages\/18"}],"collection":[{"href":"https:\/\/hotelmastino.it\/de\/wp-json\/wp\/v2\/pages"}],"about":[{"href":"https:\/\/hotelmastino.it\/de\/wp-json\/wp\/v2\/types\/page"}],"author":[{"embeddable":true,"href":"https:\/\/hotelmastino.it\/de\/wp-json\/wp\/v2\/users\/1"}],"replies":[{"embeddable":true,"href":"https:\/\/hotelmastino.it\/de\/wp-json\/wp\/v2\/comments?post=18"}],"version-history":[{"count":0,"href":"https:\/\/hotelmastino.it\/de\/wp-json\/wp\/v2\/pages\/18\/revisions"}],"wp:featuredmedia":[{"embeddable":true,"href":"https:\/\/hotelmastino.it\/de\/wp-json\/wp\/v2\/media\/369"}],"wp:attachment":[{"href":"https:\/\/hotelmastino.it\/de\/wp-json\/wp\/v2\/media?parent=18"}],"curies":[{"name":"wp","href":"https:\/\/api.w.org\/{rel}","templated":true}]}}